{"id":27,"date":"2021-10-28T09:58:28","date_gmt":"2021-10-28T09:58:28","guid":{"rendered":"https:\/\/www.ponyexpress.lu\/?page_id=27"},"modified":"2021-10-28T10:30:33","modified_gmt":"2021-10-28T10:30:33","slug":"gestalte-deine-website-mit-bloecken","status":"publish","type":"page","link":"https:\/\/www.ponyexpress.lu\/","title":{"rendered":"Gestalte deine Website mit Bl\u00f6cken"},"content":{"rendered":"\n<h2 class=\"alignwide has-text-align-wide has-gigantic-font-size wp-block-heading\" style=\"line-height:1.1\">Mir liewen eisen Draam an huelen iech g\u00e4ren mat.<\/h2>\n\n\n\n<div style=\"height:100px\" aria-hidden=\"true\" class=\"wp-block-spacer\"><\/div>\n\n\n\n<div class=\"wp-block-columns alignwide are-vertically-aligned-center is-style-twentytwentyone-columns-overlap is-layout-flex wp-container-core-columns-is-layout-9d6595d7 wp-block-columns-is-layout-flex\">\n<div class=\"wp-block-column is-vertically-aligned-center is-layout-flow wp-block-column-is-layout-flow\">\n<figure class=\"wp-block-gallery alignfull columns-1 is-cropped wp-block-gallery-1 is-layout-flex wp-block-gallery-is-layout-flex\"><ul class=\"blocks-gallery-grid\"><li class=\"blocks-gallery-item\"><figure><img loading=\"lazy\" decoding=\"async\" width=\"768\" height=\"1024\" src=\"https:\/\/www.ponyexpress.lu\/wp-content\/uploads\/2021\/10\/20210626_171834-768x1024.jpg\" alt=\"\" data-id=\"46\" data-full-url=\"https:\/\/www.ponyexpress.lu\/wp-content\/uploads\/2021\/10\/20210626_171834-scaled.jpg\" data-link=\"https:\/\/www.ponyexpress.lu\/?attachment_id=46\" class=\"wp-image-46\" srcset=\"https:\/\/www.ponyexpress.lu\/wp-content\/uploads\/2021\/10\/20210626_171834-768x1024.jpg 768w, https:\/\/www.ponyexpress.lu\/wp-content\/uploads\/2021\/10\/20210626_171834-225x300.jpg 225w, https:\/\/www.ponyexpress.lu\/wp-content\/uploads\/2021\/10\/20210626_171834-1152x1536.jpg 1152w, https:\/\/www.ponyexpress.lu\/wp-content\/uploads\/2021\/10\/20210626_171834-1536x2048.jpg 1536w, https:\/\/www.ponyexpress.lu\/wp-content\/uploads\/2021\/10\/20210626_171834-800x1067.jpg 800w, https:\/\/www.ponyexpress.lu\/wp-content\/uploads\/2021\/10\/20210626_171834-scaled.jpg 1920w\" sizes=\"auto, (max-width: 768px) 100vw, 768px\" \/><\/figure><\/li><\/ul><figcaption class=\"blocks-gallery-caption\">Op deenen sch\u00e9insten Plazen am Land ennerwee&#8230;<\/figcaption><\/figure>\n\n\n\n<div style=\"height:100px\" aria-hidden=\"true\" class=\"wp-block-spacer\"><\/div>\n\n\n\n<figure class=\"wp-block-image alignfull size-large is-style-twentytwentyone-image-frame\"><img loading=\"lazy\" decoding=\"async\" width=\"1024\" height=\"768\" src=\"https:\/\/www.ponyexpress.lu\/wp-content\/uploads\/2021\/10\/20210605_104456-1024x768.jpg\" alt=\"\" class=\"wp-image-49\" srcset=\"https:\/\/www.ponyexpress.lu\/wp-content\/uploads\/2021\/10\/20210605_104456-1024x768.jpg 1024w, https:\/\/www.ponyexpress.lu\/wp-content\/uploads\/2021\/10\/20210605_104456-300x225.jpg 300w, https:\/\/www.ponyexpress.lu\/wp-content\/uploads\/2021\/10\/20210605_104456-768x576.jpg 768w, https:\/\/www.ponyexpress.lu\/wp-content\/uploads\/2021\/10\/20210605_104456-1536x1152.jpg 1536w, https:\/\/www.ponyexpress.lu\/wp-content\/uploads\/2021\/10\/20210605_104456-2048x1536.jpg 2048w, https:\/\/www.ponyexpress.lu\/wp-content\/uploads\/2021\/10\/20210605_104456-800x600.jpg 800w, https:\/\/www.ponyexpress.lu\/wp-content\/uploads\/2021\/10\/20210605_104456-400x300.jpg 400w\" sizes=\"auto, (max-width: 1024px) 100vw, 1024px\" \/><figcaption>De Ponien eppes guddes doen&#8230;<\/figcaption><\/figure>\n\n\n<\/div>\n\n\n\n<div class=\"wp-block-column is-vertically-aligned-center is-layout-flow wp-block-column-is-layout-flow\">\n<div style=\"height:97px\" aria-hidden=\"true\" class=\"wp-block-spacer\"><\/div>\n\n\n\n<figure class=\"wp-block-image size-large alignfull size-full is-style-twentytwentyone-border\"><img loading=\"lazy\" decoding=\"async\" width=\"768\" height=\"1024\" src=\"https:\/\/www.ponyexpress.lu\/wp-content\/uploads\/2021\/10\/20210415_184404-768x1024.jpg\" alt=\"\" class=\"wp-image-48\" srcset=\"https:\/\/www.ponyexpress.lu\/wp-content\/uploads\/2021\/10\/20210415_184404-768x1024.jpg 768w, https:\/\/www.ponyexpress.lu\/wp-content\/uploads\/2021\/10\/20210415_184404-225x300.jpg 225w, https:\/\/www.ponyexpress.lu\/wp-content\/uploads\/2021\/10\/20210415_184404-1152x1536.jpg 1152w, https:\/\/www.ponyexpress.lu\/wp-content\/uploads\/2021\/10\/20210415_184404-1536x2048.jpg 1536w, https:\/\/www.ponyexpress.lu\/wp-content\/uploads\/2021\/10\/20210415_184404-800x1067.jpg 800w, https:\/\/www.ponyexpress.lu\/wp-content\/uploads\/2021\/10\/20210415_184404-scaled.jpg 1920w\" sizes=\"auto, (max-width: 768px) 100vw, 768px\" \/><figcaption>&#8230;oder am Stall chillen&#8230;<\/figcaption><\/figure>\n<\/div>\n<\/div>\n\n\n\n<div style=\"height:50px\" aria-hidden=\"true\" class=\"wp-block-spacer\"><\/div>\n\n\n\n<div class=\"wp-block-columns alignwide are-vertically-aligned-top is-layout-flex wp-container-core-columns-is-layout-9d6595d7 wp-block-columns-is-layout-flex\">\n<div class=\"wp-block-column is-vertically-aligned-top is-layout-flow wp-block-column-is-layout-flow\">\n<h3 class=\"wp-block-heading\">F\u00fcge Block-Vorlagen ein<\/h3>\n\n\n\n<p>Block-Vorlagen sind vorgefertigte Gruppen von Bl\u00f6cken. Um eine solche Vorlage hinzuzuf\u00fcgen, w\u00e4hle die Schaltfl\u00e4che Block hinzuf\u00fcgen [+] in der Symbolleiste oben im Editor. Wechsle zur Registerkarte \u201eVorlagen\u201c unter der Suchleiste, und w\u00e4hle eine Mustervorlage aus.<\/p>\n<\/div>\n\n\n\n<div class=\"wp-block-column is-vertically-aligned-top is-layout-flow wp-block-column-is-layout-flow\">\n<h3 class=\"wp-block-heading\">Rahme deine Bilder<\/h3>\n\n\n\n<p>Twenty Twenty-One enth\u00e4lt stilvolle Umrandungen f\u00fcr Ihren Inhalt. Wenn ein Bildblock ausgew\u00e4hlt ist, \u00f6ffne den Bereich \u201eStile\u201c in der Seitenleiste des Editors. W\u00e4hle den Blockstil \u201eRahmen\u201c zum Aktivieren.<\/p>\n<\/div>\n\n\n\n<div class=\"wp-block-column is-vertically-aligned-top is-layout-flow wp-block-column-is-layout-flow\">\n<h3 class=\"wp-block-heading\">\u00dcberlappe Spalten<\/h3>\n\n\n\n<p>Twenty Twenty-One enth\u00e4lt auch einen \u00dcberlappungsstil f\u00fcr Spaltenbl\u00f6cke. Wenn ein Spaltenblock ausgew\u00e4hlt ist, \u00f6ffne den Bereich \u201eStile\u201c in der Seitenleiste des Editors. W\u00e4hle den Blockstil \u201e\u00dcberlappung\u201c, um diesen auszuprobieren.<\/p>\n<\/div>\n<\/div>\n\n\n\n<div style=\"height:100px\" aria-hidden=\"true\" class=\"wp-block-spacer\"><\/div>\n\n\n\n<div class=\"wp-block-cover alignwide has-green-background-color has-background-dim is-style-twentytwentyone-border\"><div class=\"wp-block-cover__inner-container is-layout-flow wp-block-cover-is-layout-flow\">\n<div style=\"height:20px\" aria-hidden=\"true\" class=\"wp-block-spacer\"><\/div>\n\n\n\n<p class=\"has-huge-font-size\">Brauchst du Hilfe?<\/p>\n\n\n\n<div style=\"height:75px\" aria-hidden=\"true\" class=\"wp-block-spacer\"><\/div>\n\n\n\n<div class=\"wp-block-columns is-layout-flex wp-container-core-columns-is-layout-9d6595d7 wp-block-columns-is-layout-flex\">\n<div class=\"wp-block-column is-layout-flow wp-block-column-is-layout-flow\">\n<p><a href=\"https:\/\/wordpress.org\/support\/article\/twenty-twenty-one\/\">Lies die Theme-Dokumentation<\/a><\/p>\n<\/div>\n\n\n\n<div class=\"wp-block-column is-layout-flow wp-block-column-is-layout-flow\">\n<p><a href=\"https:\/\/wordpress.org\/support\/theme\/twentytwentyone\/\">Besuche die Support-Foren<\/a><\/p>\n<\/div>\n<\/div>\n\n\n\n<div style=\"height:20px\" aria-hidden=\"true\" class=\"wp-block-spacer\"><\/div>\n<\/div><\/div>\n","protected":false},"excerpt":{"rendered":"<p>Mir liewen eisen Draam an huelen iech g\u00e4ren mat. F\u00fcge Block-Vorlagen ein Block-Vorlagen sind vorgefertigte Gruppen von Bl\u00f6cken. Um eine solche Vorlage hinzuzuf\u00fcgen, w\u00e4hle die Schaltfl\u00e4che Block hinzuf\u00fcgen [+] in der Symbolleiste oben im Editor. Wechsle zur Registerkarte \u201eVorlagen\u201c unter der Suchleiste, und w\u00e4hle eine Mustervorlage aus. Rahme deine Bilder Twenty Twenty-One enth\u00e4lt stilvolle Umrandungen f\u00fcr Ihren Inhalt. Wenn ein<\/p>\n<p><a class=\"more-link\" href=\"https:\/\/www.ponyexpress.lu\/\">Weiterlesen<\/a><\/p>\n","protected":false},"author":2,"featured_media":0,"parent":0,"menu_order":0,"comment_status":"closed","ping_status":"closed","template":"","meta":{"footnotes":""},"class_list":["post-27","page","type-page","status-publish","hentry"],"_links":{"self":[{"href":"https:\/\/www.ponyexpress.lu\/index.php?rest_route=\/wp\/v2\/pages\/27","targetHints":{"allow":["GET"]}}],"collection":[{"href":"https:\/\/www.ponyexpress.lu\/index.php?rest_route=\/wp\/v2\/pages"}],"about":[{"href":"https:\/\/www.ponyexpress.lu\/index.php?rest_route=\/wp\/v2\/types\/page"}],"author":[{"embeddable":true,"href":"https:\/\/www.ponyexpress.lu\/index.php?rest_route=\/wp\/v2\/users\/2"}],"replies":[{"embeddable":true,"href":"https:\/\/www.ponyexpress.lu\/index.php?rest_route=%2Fwp%2Fv2%2Fcomments&post=27"}],"version-history":[{"count":3,"href":"https:\/\/www.ponyexpress.lu\/index.php?rest_route=\/wp\/v2\/pages\/27\/revisions"}],"predecessor-version":[{"id":55,"href":"https:\/\/www.ponyexpress.lu\/index.php?rest_route=\/wp\/v2\/pages\/27\/revisions\/55"}],"wp:attachment":[{"href":"https:\/\/www.ponyexpress.lu\/index.php?rest_route=%2Fwp%2Fv2%2Fmedia&parent=27"}],"curies":[{"name":"wp","href":"https:\/\/api.w.org\/{rel}","templated":true}]}}